{"id":4225,"date":"2020-03-20T09:53:51","date_gmt":"2020-03-20T08:53:51","guid":{"rendered":"https:\/\/www.janthielresort.com\/restaurants-bar\/"},"modified":"2026-04-03T17:44:01","modified_gmt":"2026-04-03T15:44:01","slug":"restaurants-bar","status":"publish","type":"page","link":"https:\/\/www.janthielresort.com\/nl\/restaurants-bar\/","title":{"rendered":"Restaurants &amp; Bar"},"content":{"rendered":"","protected":false},"excerpt":{"rendered":"","protected":false},"author":2,"featured_media":0,"parent":0,"menu_order":0,"comment_status":"closed","ping_status":"closed","template":"","meta":{"_acf_changed":false,"footnotes":""},"class_list":["post-4225","page","type-page","status-publish","hentry"],"acf":[],"yoast_head":"<!-- This site is optimized with the Yoast SEO plugin v27.4 - https:\/\/yoast.com\/product\/yoast-seo-wordpress\/ -->\n<title>Restaurants &amp; Bar - Sonesta Hotels &amp; Resorts Livingstone Cura\u00e7ao<\/title>\n<meta name=\"robots\" content=\"index, follow, max-snippet:-1, max-image-preview:large, max-video-preview:-1\" \/>\n<link rel=\"canonical\" href=\"https:\/\/www.janthielresort.com\/nl\/restaurants-bar\/\" \/>\n<meta property=\"og:locale\" content=\"nl_NL\" \/>\n<meta property=\"og:type\" content=\"article\" \/>\n<meta property=\"og:title\" content=\"Restaurants &amp; Bar - Sonesta Hotels &amp; Resorts Livingstone Cura\u00e7ao\" \/>\n<meta property=\"og:url\" content=\"https:\/\/www.janthielresort.com\/nl\/restaurants-bar\/\" \/>\n<meta property=\"og:site_name\" content=\"Sonesta Hotels &amp; Resorts Livingstone Cura\u00e7ao\" \/>\n<meta property=\"article:modified_time\" content=\"2026-04-03T15:44:01+00:00\" \/>\n<meta name=\"twitter:card\" content=\"summary_large_image\" \/>\n<script type=\"application\/ld+json\" class=\"yoast-schema-graph\">{\"@context\":\"https:\\\/\\\/schema.org\",\"@graph\":[{\"@type\":\"WebPage\",\"@id\":\"https:\\\/\\\/www.janthielresort.com\\\/nl\\\/restaurants-bar\\\/\",\"url\":\"https:\\\/\\\/www.janthielresort.com\\\/nl\\\/restaurants-bar\\\/\",\"name\":\"Restaurants &amp; Bar - Sonesta Hotels & Resorts Livingstone Cura\u00e7ao\",\"isPartOf\":{\"@id\":\"https:\\\/\\\/www.janthielresort.com\\\/#website\"},\"datePublished\":\"2020-03-20T08:53:51+00:00\",\"dateModified\":\"2026-04-03T15:44:01+00:00\",\"breadcrumb\":{\"@id\":\"https:\\\/\\\/www.janthielresort.com\\\/nl\\\/restaurants-bar\\\/#breadcrumb\"},\"inLanguage\":\"nl-NL\",\"potentialAction\":[{\"@type\":\"ReadAction\",\"target\":[\"https:\\\/\\\/www.janthielresort.com\\\/nl\\\/restaurants-bar\\\/\"]}]},{\"@type\":\"BreadcrumbList\",\"@id\":\"https:\\\/\\\/www.janthielresort.com\\\/nl\\\/restaurants-bar\\\/#breadcrumb\",\"itemListElement\":[{\"@type\":\"ListItem\",\"position\":1,\"name\":\"Home\",\"item\":\"https:\\\/\\\/www.janthielresort.com\\\/nl\\\/home\\\/\"},{\"@type\":\"ListItem\",\"position\":2,\"name\":\"Restaurants &amp; Bar\"}]},{\"@type\":\"WebSite\",\"@id\":\"https:\\\/\\\/www.janthielresort.com\\\/#website\",\"url\":\"https:\\\/\\\/www.janthielresort.com\\\/\",\"name\":\"Sonesta Hotels & Resorts Livingstone Cura\u00e7ao\",\"description\":\"The perfect place for an amazing and carefree holiday in the sun.\",\"potentialAction\":[{\"@type\":\"SearchAction\",\"target\":{\"@type\":\"EntryPoint\",\"urlTemplate\":\"https:\\\/\\\/www.janthielresort.com\\\/?s={search_term_string}\"},\"query-input\":{\"@type\":\"PropertyValueSpecification\",\"valueRequired\":true,\"valueName\":\"search_term_string\"}}],\"inLanguage\":\"nl-NL\"}]}<\/script>\n<!-- \/ Yoast SEO plugin. -->","yoast_head_json":{"title":"Restaurants &amp; Bar - Sonesta Hotels & Resorts Livingstone Cura\u00e7ao","robots":{"index":"index","follow":"follow","max-snippet":"max-snippet:-1","max-image-preview":"max-image-preview:large","max-video-preview":"max-video-preview:-1"},"canonical":"https:\/\/www.janthielresort.com\/nl\/restaurants-bar\/","og_locale":"nl_NL","og_type":"article","og_title":"Restaurants &amp; Bar - Sonesta Hotels & Resorts Livingstone Cura\u00e7ao","og_url":"https:\/\/www.janthielresort.com\/nl\/restaurants-bar\/","og_site_name":"Sonesta Hotels & Resorts Livingstone Cura\u00e7ao","article_modified_time":"2026-04-03T15:44:01+00:00","twitter_card":"summary_large_image","schema":{"@context":"https:\/\/schema.org","@graph":[{"@type":"WebPage","@id":"https:\/\/www.janthielresort.com\/nl\/restaurants-bar\/","url":"https:\/\/www.janthielresort.com\/nl\/restaurants-bar\/","name":"Restaurants &amp; Bar - Sonesta Hotels & Resorts Livingstone Cura\u00e7ao","isPartOf":{"@id":"https:\/\/www.janthielresort.com\/#website"},"datePublished":"2020-03-20T08:53:51+00:00","dateModified":"2026-04-03T15:44:01+00:00","breadcrumb":{"@id":"https:\/\/www.janthielresort.com\/nl\/restaurants-bar\/#breadcrumb"},"inLanguage":"nl-NL","potentialAction":[{"@type":"ReadAction","target":["https:\/\/www.janthielresort.com\/nl\/restaurants-bar\/"]}]},{"@type":"BreadcrumbList","@id":"https:\/\/www.janthielresort.com\/nl\/restaurants-bar\/#breadcrumb","itemListElement":[{"@type":"ListItem","position":1,"name":"Home","item":"https:\/\/www.janthielresort.com\/nl\/home\/"},{"@type":"ListItem","position":2,"name":"Restaurants &amp; Bar"}]},{"@type":"WebSite","@id":"https:\/\/www.janthielresort.com\/#website","url":"https:\/\/www.janthielresort.com\/","name":"Sonesta Hotels & Resorts Livingstone Cura\u00e7ao","description":"The perfect place for an amazing and carefree holiday in the sun.","potentialAction":[{"@type":"SearchAction","target":{"@type":"EntryPoint","urlTemplate":"https:\/\/www.janthielresort.com\/?s={search_term_string}"},"query-input":{"@type":"PropertyValueSpecification","valueRequired":true,"valueName":"search_term_string"}}],"inLanguage":"nl-NL"}]}},"acf_fields":{"hero_visible_switch":true,"page_custom_title":"Restaurants &amp; Bars","page_subtitle":"","usps_top_switch":false,"usps_prefix":"","usps":false,"booking_top_switch":false,"booking_bottom_switch":true,"social_share_switch":false,"dark_mode_switch":false,"page_tile_label":"","page_flex_sections":[{"acf_fc_layout":"section_content","section_content_id":"","section_content_content":"<p>Van een smaakvol ontbijt tot overheerlijke lunches, diners en verkoelende drankjes. Bij Sonesta Hotels &#038; Resorts Livingstone Cura\u00e7ao komen onze resortgasten \u00e9n de lokale bevolking graag culinair genieten. Wij serveren namelijk een smaakvolle selectie van populaire lokale en internationale gerechten, geaccentueerd met authentieke eilandsmaken. Ook kun je bij Sonesta Hotels &#038; Resorts Livingstone Cura\u00e7ao terecht voor de lekkerste snackgerechten en tropische drankjes. Proef het zelf!<\/p>\n","section_content_show_links":false,"section_content_links_title":"","section_content_links":false,"section_background_color":"","section_background_image":false,"section_background_fade":false,"section_invert_text":false},{"acf_fc_layout":"section_content_image_blocks","section_content_image_blocks_id":"","section_content_image_blocks_title":"","section_content_image_blocks_subtitle":"","section_content_image_blocks_blocks":[{"block_image":{"ID":1845,"id":1845,"title":"uIgTZHTE_jpeg","filename":"uIgTZHTE_jpeg.jpg","filesize":97169,"url":"https:\/\/www.janthielresort.com\/wp-content\/uploads\/sites\/31\/2020\/03\/uIgTZHTE_jpeg.jpg","link":"https:\/\/www.janthielresort.com\/nl\/restaurants-bar\/uigtzhte_jpeg-2\/","alt":"","author":"2","description":"","caption":"","name":"uigtzhte_jpeg-2","status":"inherit","uploaded_to":4225,"date":"2020-03-20 14:25:20","modified":"2020-03-20 14:25:20","menu_order":0,"mime_type":"image\/jpeg","type":"image","subtype":"jpeg","icon":"https:\/\/www.janthielresort.com\/wp-includes\/images\/media\/default.png","width":800,"height":534,"sizes":{"thumbnail":"https:\/\/www.janthielresort.com\/wp-content\/uploads\/sites\/31\/2020\/03\/uIgTZHTE_jpeg-150x150.jpg","thumbnail-width":150,"thumbnail-height":150,"medium":"https:\/\/www.janthielresort.com\/wp-content\/uploads\/sites\/31\/2020\/03\/uIgTZHTE_jpeg-300x200.jpg","medium-width":300,"medium-height":200,"medium_large":"https:\/\/www.janthielresort.com\/wp-content\/uploads\/sites\/31\/2020\/03\/uIgTZHTE_jpeg-768x513.jpg","medium_large-width":768,"medium_large-height":513,"large":"https:\/\/www.janthielresort.com\/wp-content\/uploads\/sites\/31\/2020\/03\/uIgTZHTE_jpeg.jpg","large-width":800,"large-height":534,"1536x1536":"https:\/\/www.janthielresort.com\/wp-content\/uploads\/sites\/31\/2020\/03\/uIgTZHTE_jpeg.jpg","1536x1536-width":800,"1536x1536-height":534,"2048x2048":"https:\/\/www.janthielresort.com\/wp-content\/uploads\/sites\/31\/2020\/03\/uIgTZHTE_jpeg.jpg","2048x2048-width":800,"2048x2048-height":534,"hero-background":"https:\/\/www.janthielresort.com\/wp-content\/uploads\/sites\/31\/2020\/03\/uIgTZHTE_jpeg.jpg","hero-background-width":800,"hero-background-height":534,"gallery":"https:\/\/www.janthielresort.com\/wp-content\/uploads\/sites\/31\/2020\/03\/uIgTZHTE_jpeg.jpg","gallery-width":800,"gallery-height":534,"room-gallery":"https:\/\/www.janthielresort.com\/wp-content\/uploads\/sites\/31\/2020\/03\/uIgTZHTE_jpeg.jpg","room-gallery-width":800,"room-gallery-height":534,"content-image-blocks":"https:\/\/www.janthielresort.com\/wp-content\/uploads\/sites\/31\/2020\/03\/uIgTZHTE_jpeg-800x500.jpg","content-image-blocks-width":800,"content-image-blocks-height":500,"image-blocks":"https:\/\/www.janthielresort.com\/wp-content\/uploads\/sites\/31\/2020\/03\/uIgTZHTE_jpeg.jpg","image-blocks-width":800,"image-blocks-height":534,"package-tile":"https:\/\/www.janthielresort.com\/wp-content\/uploads\/sites\/31\/2020\/03\/uIgTZHTE_jpeg.jpg","package-tile-width":800,"package-tile-height":534,"news-thumb":"https:\/\/www.janthielresort.com\/wp-content\/uploads\/sites\/31\/2020\/03\/uIgTZHTE_jpeg-600x401.jpg","news-thumb-width":600,"news-thumb-height":401,"package-wide-thumb":"https:\/\/www.janthielresort.com\/wp-content\/uploads\/sites\/31\/2020\/03\/uIgTZHTE_jpeg-600x534.jpg","package-wide-thumb-width":600,"package-wide-thumb-height":534,"movie-poster":"https:\/\/www.janthielresort.com\/wp-content\/uploads\/sites\/31\/2020\/03\/uIgTZHTE_jpeg-600x401.jpg","movie-poster-width":600,"movie-poster-height":401,"portal-item":"https:\/\/www.janthielresort.com\/wp-content\/uploads\/sites\/31\/2020\/03\/uIgTZHTE_jpeg.jpg","portal-item-width":800,"portal-item-height":534,"gform-image-choice-sm":"https:\/\/www.janthielresort.com\/wp-content\/uploads\/sites\/31\/2020\/03\/uIgTZHTE_jpeg.jpg","gform-image-choice-sm-width":300,"gform-image-choice-sm-height":200,"gform-image-choice-md":"https:\/\/www.janthielresort.com\/wp-content\/uploads\/sites\/31\/2020\/03\/uIgTZHTE_jpeg.jpg","gform-image-choice-md-width":400,"gform-image-choice-md-height":267,"gform-image-choice-lg":"https:\/\/www.janthielresort.com\/wp-content\/uploads\/sites\/31\/2020\/03\/uIgTZHTE_jpeg.jpg","gform-image-choice-lg-width":600,"gform-image-choice-lg-height":401}},"block_video":false,"block_title":"Don's Restaurant &amp; Bar","block_content":"<p>In Don&#8217;s Restaurant &amp; Bar geniet je van populaire lokale \u00e9n internationale gerechten tijdens onze speciale thema avonden. In de ochtend kan je terecht voor een heerlijk a-la-carte continentaal ontbijt, tijdens de lunch serveren wij diversen gerechten. Ontdek het zelf en beleef een tropische ervaring met uitzicht op onze prachtige tuin en \u00e9\u00e9n van de grootste zwembaden van Cura\u00e7ao.<\/p>\n<table width=\"263\">\n<tbody>\n<tr>\n<td>Ontbijt<\/td>\n<td>07:30 \u2013 10:30 uur<\/td>\n<\/tr>\n<tr>\n<td>Lunch<\/td>\n<td>11:30\u2013 17:00 uur<\/td>\n<\/tr>\n<tr>\n<td>Diner<\/td>\n<td>18:00 \u2013 22:00 uur<\/td>\n<\/tr>\n<\/tbody>\n<\/table>\n","block_link":"","block_btn_color":"secondary"},{"block_image":{"ID":504,"id":504,"title":"015","filename":"015.jpg","filesize":942461,"url":"https:\/\/www.janthielresort.com\/wp-content\/uploads\/sites\/31\/2020\/03\/015.jpg","link":"https:\/\/www.janthielresort.com\/nl\/restaurants-bar\/attachment\/015\/","alt":"Livingstone Jan Thiel Beach Resort Curacao","author":"23","description":"","caption":"","name":"015","status":"inherit","uploaded_to":4225,"date":"2020-03-20 09:45:59","modified":"2020-03-20 09:46:00","menu_order":0,"mime_type":"image\/jpeg","type":"image","subtype":"jpeg","icon":"https:\/\/www.janthielresort.com\/wp-includes\/images\/media\/default.png","width":1353,"height":900,"sizes":{"thumbnail":"https:\/\/www.janthielresort.com\/wp-content\/uploads\/sites\/31\/2020\/03\/015-150x150.jpg","thumbnail-width":150,"thumbnail-height":150,"medium":"https:\/\/www.janthielresort.com\/wp-content\/uploads\/sites\/31\/2020\/03\/015-300x200.jpg","medium-width":300,"medium-height":200,"medium_large":"https:\/\/www.janthielresort.com\/wp-content\/uploads\/sites\/31\/2020\/03\/015-768x511.jpg","medium_large-width":768,"medium_large-height":511,"large":"https:\/\/www.janthielresort.com\/wp-content\/uploads\/sites\/31\/2020\/03\/015-1024x681.jpg","large-width":1024,"large-height":681,"1536x1536":"https:\/\/www.janthielresort.com\/wp-content\/uploads\/sites\/31\/2020\/03\/015.jpg","1536x1536-width":1353,"1536x1536-height":900,"2048x2048":"https:\/\/www.janthielresort.com\/wp-content\/uploads\/sites\/31\/2020\/03\/015.jpg","2048x2048-width":1353,"2048x2048-height":900,"hero-background":"https:\/\/www.janthielresort.com\/wp-content\/uploads\/sites\/31\/2020\/03\/015.jpg","hero-background-width":1353,"hero-background-height":900,"gallery":"https:\/\/www.janthielresort.com\/wp-content\/uploads\/sites\/31\/2020\/03\/015.jpg","gallery-width":1000,"gallery-height":665,"room-gallery":"https:\/\/www.janthielresort.com\/wp-content\/uploads\/sites\/31\/2020\/03\/015.jpg","room-gallery-width":1000,"room-gallery-height":665,"content-image-blocks":"https:\/\/www.janthielresort.com\/wp-content\/uploads\/sites\/31\/2020\/03\/015.jpg","content-image-blocks-width":752,"content-image-blocks-height":500,"image-blocks":"https:\/\/www.janthielresort.com\/wp-content\/uploads\/sites\/31\/2020\/03\/015.jpg","image-blocks-width":800,"image-blocks-height":532,"package-tile":"https:\/\/www.janthielresort.com\/wp-content\/uploads\/sites\/31\/2020\/03\/015.jpg","package-tile-width":800,"package-tile-height":532,"news-thumb":"https:\/\/www.janthielresort.com\/wp-content\/uploads\/sites\/31\/2020\/03\/015.jpg","news-thumb-width":600,"news-thumb-height":399,"package-wide-thumb":"https:\/\/www.janthielresort.com\/wp-content\/uploads\/sites\/31\/2020\/03\/015.jpg","package-wide-thumb-width":600,"package-wide-thumb-height":399,"movie-poster":"https:\/\/www.janthielresort.com\/wp-content\/uploads\/sites\/31\/2020\/03\/015.jpg","movie-poster-width":600,"movie-poster-height":399,"portal-item":"https:\/\/www.janthielresort.com\/wp-content\/uploads\/sites\/31\/2020\/03\/015.jpg","portal-item-width":1000,"portal-item-height":665,"gform-image-choice-sm":"https:\/\/www.janthielresort.com\/wp-content\/uploads\/sites\/31\/2020\/03\/015.jpg","gform-image-choice-sm-width":300,"gform-image-choice-sm-height":200,"gform-image-choice-md":"https:\/\/www.janthielresort.com\/wp-content\/uploads\/sites\/31\/2020\/03\/015.jpg","gform-image-choice-md-width":400,"gform-image-choice-md-height":266,"gform-image-choice-lg":"https:\/\/www.janthielresort.com\/wp-content\/uploads\/sites\/31\/2020\/03\/015.jpg","gform-image-choice-lg-width":600,"gform-image-choice-lg-height":399}},"block_video":false,"block_title":"Jan Thiel Beach","block_content":"<p>Wil je naast ontbijten, lunchen en dineren in Don\u2019s Restaurant, ook eens iets anders proberen? Op Jan Thiel Beach vind je diverse restaurants die heerlijke gerechten serveren. Van pizza tot sushi; je vindt er ongetwijfeld iets naar je smaak.<\/p>\n","block_link":{"title":"It all happens at Jan Thiel Beach","url":"https:\/\/www.janthielbeach.com\/nl\/home\/","target":"_blank"},"block_btn_color":"secondary"}],"section_content_image_blocks_footer":"","section_background_color":"","section_background_image":false,"section_background_fade":false,"section_invert_text":false}],"hero_type":"default","hero_background_image":{"ID":7137,"id":7137,"title":"hamburger (1)","filename":"hamburger-1.jpg","filesize":244403,"url":"https:\/\/www.janthielresort.com\/wp-content\/uploads\/sites\/31\/2021\/04\/hamburger-1.jpg","link":"https:\/\/www.janthielresort.com\/nl\/restaurants-bar\/hamburger-1\/","alt":"","author":"2","description":"","caption":"","name":"hamburger-1","status":"inherit","uploaded_to":4225,"date":"2021-04-03 14:19:31","modified":"2021-04-03 14:19:31","menu_order":0,"mime_type":"image\/jpeg","type":"image","subtype":"jpeg","icon":"https:\/\/www.janthielresort.com\/wp-includes\/images\/media\/default.png","width":2200,"height":1467,"sizes":{"thumbnail":"https:\/\/www.janthielresort.com\/wp-content\/uploads\/sites\/31\/2021\/04\/hamburger-1-150x150.jpg","thumbnail-width":150,"thumbnail-height":150,"medium":"https:\/\/www.janthielresort.com\/wp-content\/uploads\/sites\/31\/2021\/04\/hamburger-1-300x200.jpg","medium-width":300,"medium-height":200,"medium_large":"https:\/\/www.janthielresort.com\/wp-content\/uploads\/sites\/31\/2021\/04\/hamburger-1-768x512.jpg","medium_large-width":768,"medium_large-height":512,"large":"https:\/\/www.janthielresort.com\/wp-content\/uploads\/sites\/31\/2021\/04\/hamburger-1-1024x683.jpg","large-width":1024,"large-height":683,"1536x1536":"https:\/\/www.janthielresort.com\/wp-content\/uploads\/sites\/31\/2021\/04\/hamburger-1-1536x1024.jpg","1536x1536-width":1536,"1536x1536-height":1024,"2048x2048":"https:\/\/www.janthielresort.com\/wp-content\/uploads\/sites\/31\/2021\/04\/hamburger-1-2048x1366.jpg","2048x2048-width":2048,"2048x2048-height":1366,"hero-background":"https:\/\/www.janthielresort.com\/wp-content\/uploads\/sites\/31\/2021\/04\/hamburger-1-1920x1080.jpg","hero-background-width":1920,"hero-background-height":1080,"gallery":"https:\/\/www.janthielresort.com\/wp-content\/uploads\/sites\/31\/2021\/04\/hamburger-1-1000x700.jpg","gallery-width":1000,"gallery-height":700,"room-gallery":"https:\/\/www.janthielresort.com\/wp-content\/uploads\/sites\/31\/2021\/04\/hamburger-1-1000x667.jpg","room-gallery-width":1000,"room-gallery-height":667,"content-image-blocks":"https:\/\/www.janthielresort.com\/wp-content\/uploads\/sites\/31\/2021\/04\/hamburger-1-800x500.jpg","content-image-blocks-width":800,"content-image-blocks-height":500,"image-blocks":"https:\/\/www.janthielresort.com\/wp-content\/uploads\/sites\/31\/2021\/04\/hamburger-1-800x600.jpg","image-blocks-width":800,"image-blocks-height":600,"package-tile":"https:\/\/www.janthielresort.com\/wp-content\/uploads\/sites\/31\/2021\/04\/hamburger-1-800x800.jpg","package-tile-width":800,"package-tile-height":800,"news-thumb":"https:\/\/www.janthielresort.com\/wp-content\/uploads\/sites\/31\/2021\/04\/hamburger-1-600x400.jpg","news-thumb-width":600,"news-thumb-height":400,"package-wide-thumb":"https:\/\/www.janthielresort.com\/wp-content\/uploads\/sites\/31\/2021\/04\/hamburger-1-600x600.jpg","package-wide-thumb-width":600,"package-wide-thumb-height":600,"movie-poster":"https:\/\/www.janthielresort.com\/wp-content\/uploads\/sites\/31\/2021\/04\/hamburger-1-600x400.jpg","movie-poster-width":600,"movie-poster-height":400,"portal-item":"https:\/\/www.janthielresort.com\/wp-content\/uploads\/sites\/31\/2021\/04\/hamburger-1-1000x1000.jpg","portal-item-width":1000,"portal-item-height":1000,"gform-image-choice-sm":"https:\/\/www.janthielresort.com\/wp-content\/uploads\/sites\/31\/2021\/04\/hamburger-1.jpg","gform-image-choice-sm-width":300,"gform-image-choice-sm-height":200,"gform-image-choice-md":"https:\/\/www.janthielresort.com\/wp-content\/uploads\/sites\/31\/2021\/04\/hamburger-1.jpg","gform-image-choice-md-width":400,"gform-image-choice-md-height":267,"gform-image-choice-lg":"https:\/\/www.janthielresort.com\/wp-content\/uploads\/sites\/31\/2021\/04\/hamburger-1.jpg","gform-image-choice-lg-width":600,"gform-image-choice-lg-height":400}},"hero_background_image_position":"center","hero_background_video":"none","hero_fade_overlay_switch":false,"hero_title":"<\/br><\/br>","hero_subtitle":"<\/br><\/br>","hero_btns":false,"hero_micro":"","booking_start_date":"","booking_title":"","booking_custom_url":"","booking_custom_duration":""},"publishpress_future_action":{"enabled":false,"date":"2026-04-28 12:37:50","action":"change-status","newStatus":"draft","terms":[],"taxonomy":"translation_priority","extraData":[]},"publishpress_future_workflow_manual_trigger":{"enabledWorkflows":[]},"_links":{"self":[{"href":"https:\/\/www.janthielresort.com\/nl\/wp-json\/wp\/v2\/pages\/4225","targetHints":{"allow":["GET"]}}],"collection":[{"href":"https:\/\/www.janthielresort.com\/nl\/wp-json\/wp\/v2\/pages"}],"about":[{"href":"https:\/\/www.janthielresort.com\/nl\/wp-json\/wp\/v2\/types\/page"}],"author":[{"embeddable":true,"href":"https:\/\/www.janthielresort.com\/nl\/wp-json\/wp\/v2\/users\/2"}],"replies":[{"embeddable":true,"href":"https:\/\/www.janthielresort.com\/nl\/wp-json\/wp\/v2\/comments?post=4225"}],"version-history":[{"count":1,"href":"https:\/\/www.janthielresort.com\/nl\/wp-json\/wp\/v2\/pages\/4225\/revisions"}],"predecessor-version":[{"id":9405,"href":"https:\/\/www.janthielresort.com\/nl\/wp-json\/wp\/v2\/pages\/4225\/revisions\/9405"}],"wp:attachment":[{"href":"https:\/\/www.janthielresort.com\/nl\/wp-json\/wp\/v2\/media?parent=4225"}],"curies":[{"name":"wp","href":"https:\/\/api.w.org\/{rel}","templated":true}]}}