{"id":7656,"date":"2022-04-05T22:28:38","date_gmt":"2022-04-05T20:28:38","guid":{"rendered":"https:\/\/www.janthielresort.com\/?page_id=7656"},"modified":"2026-04-03T17:45:17","modified_gmt":"2026-04-03T15:45:17","slug":"7656-2","status":"publish","type":"page","link":"https:\/\/www.janthielresort.com\/es\/7656-2\/","title":{"rendered":""},"content":{"rendered":"","protected":false},"excerpt":{"rendered":"","protected":false},"author":26,"featured_media":0,"parent":0,"menu_order":0,"comment_status":"closed","ping_status":"closed","template":"","meta":{"_acf_changed":false,"footnotes":""},"class_list":["post-7656","page","type-page","status-publish","hentry"],"acf":[],"yoast_head":"<!-- This site is optimized with the Yoast SEO plugin v27.4 - https:\/\/yoast.com\/product\/yoast-seo-wordpress\/ -->\n<title>- Sonesta Hotels &amp; Resorts Livingstone Cura\u00e7ao<\/title>\n<meta name=\"robots\" content=\"index, follow, max-snippet:-1, max-image-preview:large, max-video-preview:-1\" \/>\n<link rel=\"canonical\" href=\"https:\/\/www.janthielresort.com\/es\/7656-2\/\" \/>\n<meta property=\"og:locale\" content=\"es_ES\" \/>\n<meta property=\"og:type\" content=\"article\" \/>\n<meta property=\"og:title\" content=\"- Sonesta Hotels &amp; Resorts Livingstone Cura\u00e7ao\" \/>\n<meta property=\"og:url\" content=\"https:\/\/www.janthielresort.com\/es\/7656-2\/\" \/>\n<meta property=\"og:site_name\" content=\"Sonesta Hotels &amp; Resorts Livingstone Cura\u00e7ao\" \/>\n<meta property=\"article:modified_time\" content=\"2026-04-03T15:45:17+00:00\" \/>\n<meta name=\"twitter:card\" content=\"summary_large_image\" \/>\n<script type=\"application\/ld+json\" class=\"yoast-schema-graph\">{\"@context\":\"https:\\\/\\\/schema.org\",\"@graph\":[{\"@type\":\"WebPage\",\"@id\":\"https:\\\/\\\/www.janthielresort.com\\\/es\\\/7656-2\\\/\",\"url\":\"https:\\\/\\\/www.janthielresort.com\\\/es\\\/7656-2\\\/\",\"name\":\"- Sonesta Hotels & Resorts Livingstone Cura\u00e7ao\",\"isPartOf\":{\"@id\":\"https:\\\/\\\/www.janthielresort.com\\\/#website\"},\"datePublished\":\"2022-04-05T20:28:38+00:00\",\"dateModified\":\"2026-04-03T15:45:17+00:00\",\"inLanguage\":\"es\",\"potentialAction\":[{\"@type\":\"ReadAction\",\"target\":[\"https:\\\/\\\/www.janthielresort.com\\\/es\\\/7656-2\\\/\"]}]},{\"@type\":\"WebSite\",\"@id\":\"https:\\\/\\\/www.janthielresort.com\\\/#website\",\"url\":\"https:\\\/\\\/www.janthielresort.com\\\/\",\"name\":\"Sonesta Hotels & Resorts Livingstone Cura\u00e7ao\",\"description\":\"The perfect place for an amazing and carefree holiday in the sun.\",\"potentialAction\":[{\"@type\":\"SearchAction\",\"target\":{\"@type\":\"EntryPoint\",\"urlTemplate\":\"https:\\\/\\\/www.janthielresort.com\\\/?s={search_term_string}\"},\"query-input\":{\"@type\":\"PropertyValueSpecification\",\"valueRequired\":true,\"valueName\":\"search_term_string\"}}],\"inLanguage\":\"es\"}]}<\/script>\n<!-- \/ Yoast SEO plugin. -->","yoast_head_json":{"title":"- Sonesta Hotels & Resorts Livingstone Cura\u00e7ao","robots":{"index":"index","follow":"follow","max-snippet":"max-snippet:-1","max-image-preview":"max-image-preview:large","max-video-preview":"max-video-preview:-1"},"canonical":"https:\/\/www.janthielresort.com\/es\/7656-2\/","og_locale":"es_ES","og_type":"article","og_title":"- Sonesta Hotels & Resorts Livingstone Cura\u00e7ao","og_url":"https:\/\/www.janthielresort.com\/es\/7656-2\/","og_site_name":"Sonesta Hotels & Resorts Livingstone Cura\u00e7ao","article_modified_time":"2026-04-03T15:45:17+00:00","twitter_card":"summary_large_image","schema":{"@context":"https:\/\/schema.org","@graph":[{"@type":"WebPage","@id":"https:\/\/www.janthielresort.com\/es\/7656-2\/","url":"https:\/\/www.janthielresort.com\/es\/7656-2\/","name":"- Sonesta Hotels & Resorts Livingstone Cura\u00e7ao","isPartOf":{"@id":"https:\/\/www.janthielresort.com\/#website"},"datePublished":"2022-04-05T20:28:38+00:00","dateModified":"2026-04-03T15:45:17+00:00","inLanguage":"es","potentialAction":[{"@type":"ReadAction","target":["https:\/\/www.janthielresort.com\/es\/7656-2\/"]}]},{"@type":"WebSite","@id":"https:\/\/www.janthielresort.com\/#website","url":"https:\/\/www.janthielresort.com\/","name":"Sonesta Hotels & Resorts Livingstone Cura\u00e7ao","description":"The perfect place for an amazing and carefree holiday in the sun.","potentialAction":[{"@type":"SearchAction","target":{"@type":"EntryPoint","urlTemplate":"https:\/\/www.janthielresort.com\/?s={search_term_string}"},"query-input":{"@type":"PropertyValueSpecification","valueRequired":true,"valueName":"search_term_string"}}],"inLanguage":"es"}]}},"acf_fields":{"hero_visible_switch":false,"page_custom_title":"","page_subtitle":"","usps_top_switch":true,"usps_prefix":"","usps":false,"booking_top_switch":true,"booking_bottom_switch":true,"booking_title":"","booking_custom_url":"","booking_start_date":"","booking_custom_duration":"","social_share_switch":false,"dark_mode_switch":false,"page_tile_label":"","page_flex_sections":[{"acf_fc_layout":"section_content","section_content_id":"","section_content_content":"<h3>BIENVENIDO A LIVINGSTONE JAN THIEL BEACH RESORT.<\/h3>\n<p>A continuaci\u00f3n, le informamos sobre cuestiones pr\u00e1cticas. Le deseamos una estad\u00eda agradable y inolvidable en nuestro hermoso resort.<\/p>\n<ul>\n<li>Horario de recepci\u00f3n: 7:00 am a 11:00 pm.<\/li>\n<li>Puede comunicarse con nuestra recepci\u00f3n llamando al +5999 747 0332.<\/li>\n<li>No se permiten mascotas en el resort.<\/li>\n<li>El equipo de seguridad est\u00e1 disponible las 24 horas del d\u00eda llamando al +5999 685 5011.<\/li>\n<li>Al registrarse, recibir\u00e1 una tarjeta de toallas (blanca). Utilice esta tarjeta para recoger sus toallas de piscina en nuestra recepci\u00f3n. Las toallas se pueden cambiar a diario. Cobraremos $25.00 por toalla en caso de que no las devuelva.<\/li>\n<li>El check-out debe realizarse antes de las 12:00 del mediod\u00eda. Un check-out para mas tardes es solamente posible dependiendo de la disponibilidad y cuesta $45 (check-out antes de las 3:00 p. m.). A los hu\u00e9spedes que salgan despu\u00e9s de las 12:00 pm sin previo aviso se les cobrar\u00e1 $50.00.<\/li>\n<li>En el check-in hay un bloqueo en el pago asignado a su n\u00famero de habitaci\u00f3n. Su tarjeta de cr\u00e9dito tambi\u00e9n se puede utilizar para pagar alimentos y bebidas durante su estad\u00eda.<\/li>\n<li>Le pedimos que trate nuestra propiedad con respeto. Los muebles y el inventario no se pueden sacar de la habitaci\u00f3n.<\/li>\n<li>No est\u00e1 permitido colocar o utilizar muebles del resort (por ejemplo; sillas de piscina) en las casas o cuartos del hotel.<\/li>\n<li>No est\u00e1 permitido hacer barbacoas en Sonesta Hotels &#038; Resorts Livingstone Cura\u00e7ao.<\/li>\n<li>Todos los visitantes, que no est\u00e9n registrados, deben pagar una entrada a Sonesta Hotels &#038; Resorts Livingstone Cura\u00e7ao. Esto tambi\u00e9n se aplica a su familia y conocidos que quieran visitarlo. Por favor informe al personal de recepci\u00f3n con un d\u00eda de antelaci\u00f3n. Todos los visitantes deben reportarse en la entrada y dirigirse al personal de seguridad. Es permitido 3 visitantes adicionales por habitaci\u00f3n de hotel o apartamento y 4 por villa.<\/li>\n<li>Ni\u00f1os de 2 a 12 a\u00f1os deben pagar 10ANG y los adultos deben pagar 15ANG por persona.<\/li>\n<li>No corra; el suelo puede estar resbaladizo despu\u00e9s de la lluvia o alrededor de la piscina.<\/li>\n<li>El suministro el\u00e9ctrico en Sonesta Hotels &#038; Resorts Livingstone Cura\u00e7ao es de 110 V en los apartamentos\/villas. Nuestra machina de caf\u00e9 (Senseo) y el ba\u00f1o tienen conexiones de 220V. Todas las habitaciones del hotel cuentan con conectores de 220V. En la recepci\u00f3n puede comprar un adaptador de enchufe si es necesario.<\/li>\n<li>La electricidad y el agua son extremadamente caros en la isla. Por eso le pedimos que tenga en cuenta el consumo de energ\u00eda. Cuando salga de la habitaci\u00f3n\/apartamento\/villa, le pedimos que apague el aire acondicionado y las luces.<\/li>\n<li>Si tiene un coche de alquiler, debe tener un ticket de aparcamiento que debe colocarse en la parte de adelante del carro. Puedes conseguirlo en la recepci\u00f3n. El coche debe aparcarse en el aparcamiento de su apartamento\/villa o en el edificio del hotel.<\/li>\n<li>Tenga en cuenta a los dem\u00e1s entre las 10:00 p. m. y las 7:00 a. m. (con respecto a posibles quejas por ruido).<\/li>\n<\/ul>\n<p><strong>Reglas de la piscina<\/strong><\/p>\n<ul>\n<li>No est\u00e1 permitido reservar hamacas o caba\u00f1as alrededor de la piscina con toalla u otro articulo. Estos ser\u00e1n eliminados por nuestro personal.<\/li>\n<li>No esta permitido usar platos o vasos alrededor de la piscina.<\/li>\n<li>Dentro y alrededor de la piscina, nuestros hu\u00e9spedes deben usar ropa de ba\u00f1o adecuada.<\/li>\n<li>Las tumbonas no se pueden mover de sus posiciones originales.<\/li>\n<li>Hay varios pipotes de basura alrededor de la piscina. Le solicitamos que los use para deshacerse de la basura. Los pipotes de basura de la piscina no est\u00e1n destinados para la basura de su apartamento o villa.<\/li>\n<li>No se permite nadar entre las 7:00 pm y las 7:00 am.<\/li>\n<li>Los ni\u00f1os menores de 12 a\u00f1os solo podr\u00e1n utilizar la piscina acompa\u00f1ados de sus padres o supervisores.<\/li>\n<li>El uso de la piscina es bajo su propio riesgo.<\/li>\n<li>No est\u00e1 permitido bucear en la piscina.<\/li>\n<li>Siempre se deben seguir las instrucciones del personal.<\/li>\n<li>No est\u00e1 permitido traer su propio equipo de audio.<\/li>\n<li>El uso del parque infantil es bajo su propio riesgo.<\/li>\n<\/ul>\n<p>&nbsp;<\/p>\n<p>&nbsp;<\/p>\n","section_content_show_links":false,"section_content_links_title":"","section_content_links":false,"section_background_color":"","section_background_image":false,"section_background_fade":false,"section_invert_text":false}]},"publishpress_future_action":{"enabled":false,"date":"2026-05-08 09:10:08","action":"change-status","newStatus":"draft","terms":[],"taxonomy":"translation_priority","extraData":[]},"publishpress_future_workflow_manual_trigger":{"enabledWorkflows":[]},"_links":{"self":[{"href":"https:\/\/www.janthielresort.com\/es\/wp-json\/wp\/v2\/pages\/7656","targetHints":{"allow":["GET"]}}],"collection":[{"href":"https:\/\/www.janthielresort.com\/es\/wp-json\/wp\/v2\/pages"}],"about":[{"href":"https:\/\/www.janthielresort.com\/es\/wp-json\/wp\/v2\/types\/page"}],"author":[{"embeddable":true,"href":"https:\/\/www.janthielresort.com\/es\/wp-json\/wp\/v2\/users\/26"}],"replies":[{"embeddable":true,"href":"https:\/\/www.janthielresort.com\/es\/wp-json\/wp\/v2\/comments?post=7656"}],"version-history":[{"count":1,"href":"https:\/\/www.janthielresort.com\/es\/wp-json\/wp\/v2\/pages\/7656\/revisions"}],"predecessor-version":[{"id":9406,"href":"https:\/\/www.janthielresort.com\/es\/wp-json\/wp\/v2\/pages\/7656\/revisions\/9406"}],"wp:attachment":[{"href":"https:\/\/www.janthielresort.com\/es\/wp-json\/wp\/v2\/media?parent=7656"}],"curies":[{"name":"wp","href":"https:\/\/api.w.org\/{rel}","templated":true}]}}